{"id":2,"date":"2016-05-10T03:48:21","date_gmt":"2016-05-10T03:48:21","guid":{"rendered":"http:\/\/wp452m.a10-52-158-154.qa.plesk.ru\/wordpress\/?page_id=2"},"modified":"2020-04-14T13:12:58","modified_gmt":"2020-04-14T12:12:58","slug":"sample-page","status":"publish","type":"page","link":"http:\/\/boxdorfer-bauernhof.de\/?page_id=2","title":{"rendered":"\u00dcber uns"},"content":{"rendered":"\n<p><\/p>\n\n\n<p>Herzlich Willkommen<\/p>\n<p>auf unserer Internetseite des Boxdorfer Bauernhof.<\/p>\n<p>Unser Bauernhof wird jetzt in der 3. Generation von Martin Faltenbacher gef\u00fchrt. Der ihn im April 2015 von seinem Onkel als Rinderhof \u00fcbernommen hat.<\/p>\n<p>Seit Januar 2019 sind wir BIO Zertifiziert DE-\u00d6KO-037<img loading=\"lazy\" decoding=\"async\" class=\"wp-image-157  alignleft\" src=\"http:\/\/boxdorfer-bauernhof.de\/wp-content\/uploads\/2019\/05\/4c_verlauf_300dpi-e1557923440410-150x150.jpg\" alt=\"\" width=\"109\" height=\"109\" srcset=\"http:\/\/boxdorfer-bauernhof.de\/wp-content\/uploads\/2019\/05\/4c_verlauf_300dpi-e1557923440410-150x150.jpg 150w, http:\/\/boxdorfer-bauernhof.de\/wp-content\/uploads\/2019\/05\/4c_verlauf_300dpi-e1557923440410-300x300.jpg 300w, http:\/\/boxdorfer-bauernhof.de\/wp-content\/uploads\/2019\/05\/4c_verlauf_300dpi-e1557923440410-768x768.jpg 768w, http:\/\/boxdorfer-bauernhof.de\/wp-content\/uploads\/2019\/05\/4c_verlauf_300dpi-e1557923440410-1024x1024.jpg 1024w, http:\/\/boxdorfer-bauernhof.de\/wp-content\/uploads\/2019\/05\/4c_verlauf_300dpi-e1557923440410.jpg 1772w\" sizes=\"auto, (max-width: 109px) 100vw, 109px\" \/><\/p>\n\n\n<p>Im Juni 2019 haben wir die Letzten Rinder hergegeben und denn Rinderstall zum H\u00fchnerstall umgebaut. Die Ehemalige Milchkammer wurde zur EU zertifizierten Packstelle Ausgebaut.<\/p>\n","protected":false},"excerpt":{"rendered":"<p>Herzlich Willkommen auf unserer Internetseite des Boxdorfer Bauernhof. Unser Bauernhof wird jetzt in der 3. Generation von Martin Faltenbacher gef\u00fchrt. Der ihn im April 2015 von seinem Onkel als Rinderhof \u00fcbernommen hat. Seit Januar 2019 sind wir BIO Zertifiziert DE-\u00d6KO-037 Im Juni 2019 haben wir die Letzten Rinder hergegeben und denn Rinderstall zum H\u00fchnerstall umgebaut. [&hellip;]<\/p>\n","protected":false},"author":1,"featured_media":0,"parent":0,"menu_order":0,"comment_status":"closed","ping_status":"open","template":"","meta":{"_regular_price":[],"currency_symbol":[],"footnotes":""},"class_list":["post-2","page","type-page","status-publish","hentry"],"post_slider_layout_featured_media_urls":{"thumbnail":"","post_slider_layout_landscape_large":"","post_slider_layout_portrait_large":"","post_slider_layout_square_large":"","post_slider_layout_landscape":"","post_slider_layout_portrait":"","post_slider_layout_square":"","full":""},"_links":{"self":[{"href":"http:\/\/boxdorfer-bauernhof.de\/index.php?rest_route=\/wp\/v2\/pages\/2","targetHints":{"allow":["GET"]}}],"collection":[{"href":"http:\/\/boxdorfer-bauernhof.de\/index.php?rest_route=\/wp\/v2\/pages"}],"about":[{"href":"http:\/\/boxdorfer-bauernhof.de\/index.php?rest_route=\/wp\/v2\/types\/page"}],"author":[{"embeddable":true,"href":"http:\/\/boxdorfer-bauernhof.de\/index.php?rest_route=\/wp\/v2\/users\/1"}],"replies":[{"embeddable":true,"href":"http:\/\/boxdorfer-bauernhof.de\/index.php?rest_route=%2Fwp%2Fv2%2Fcomments&post=2"}],"version-history":[{"count":6,"href":"http:\/\/boxdorfer-bauernhof.de\/index.php?rest_route=\/wp\/v2\/pages\/2\/revisions"}],"predecessor-version":[{"id":170,"href":"http:\/\/boxdorfer-bauernhof.de\/index.php?rest_route=\/wp\/v2\/pages\/2\/revisions\/170"}],"wp:attachment":[{"href":"http:\/\/boxdorfer-bauernhof.de\/index.php?rest_route=%2Fwp%2Fv2%2Fmedia&parent=2"}],"curies":[{"name":"wp","href":"https:\/\/api.w.org\/{rel}","templated":true}]}}